{"id":111,"date":"2021-07-31T17:49:10","date_gmt":"2021-07-31T15:49:10","guid":{"rendered":"http:\/\/www.elektrotechnikdesch.de\/?page_id=111"},"modified":"2021-07-31T18:29:09","modified_gmt":"2021-07-31T16:29:09","slug":"holzhaus-in-blockbohlenbauweise","status":"publish","type":"page","link":"https:\/\/www.elektrotechnikdesch.de\/?page_id=111","title":{"rendered":"Holzhaus in Blockbohlenbauweise"},"content":{"rendered":"\n<p>Hier sehen Sie einen Neubau als Holzhaus in Blockbohlenbauweise, in dem wir die Elektroinstallation installiert haben.<br>Hierbei werden die Kabel \u00fcber den Boden (im Estrich) und in vorgebohrte &#8222;Kan\u00e4le&#8220; in den Holzw\u00e4nden verlegt. <\/p>\n\n\n\n<p>An den Kan\u00e4len k\u00f6nnen Schalter und Steckdosen gebohrt und eingebaut werden. Da sich die Bohlen im Laufe der Jahre noch setzen, sollte man die Schalter- und Steckdosenkombinationen nur in einer Bohle (Waagerecht) installieren. <\/p>\n\n\n\n<p>Es wurden neben der normalen Elektroinstallation auch Netzwerkkabel in fast jedes Zimmer, Lautsprecheranschlussdosen im Wohnzimmer und LED Deckenspots im gesamten Haus installiert.<br>Hierbei wurden Schalter und Steckdosen von Gira verwendet. <br>Innen: Gira System55 Standard Reinwei\u00df Gl\u00e4nzend <br>Au\u00dfen: Gira TX44 Reinwei\u00df Gl\u00e4nzend<\/p>\n\n\n\n<figure class=\"wp-block-image size-large\"><img loading=\"lazy\" decoding=\"async\" width=\"766\" height=\"1024\" src=\"https:\/\/www.elektrotechnikdesch.de\/wp-content\/uploads\/2021\/07\/04-766x1024.jpg\" alt=\"\" class=\"wp-image-112\" srcset=\"https:\/\/www.elektrotechnikdesch.de\/wp-content\/uploads\/2021\/07\/04-766x1024.jpg 766w, https:\/\/www.elektrotechnikdesch.de\/wp-content\/uploads\/2021\/07\/04-224x300.jpg 224w, https:\/\/www.elektrotechnikdesch.de\/wp-content\/uploads\/2021\/07\/04-768x1026.jpg 768w, https:\/\/www.elektrotechnikdesch.de\/wp-content\/uploads\/2021\/07\/04-1149x1536.jpg 1149w, https:\/\/www.elektrotechnikdesch.de\/wp-content\/uploads\/2021\/07\/04-1532x2048.jpg 1532w, https:\/\/www.elektrotechnikdesch.de\/wp-content\/uploads\/2021\/07\/04-100x134.jpg 100w, https:\/\/www.elektrotechnikdesch.de\/wp-content\/uploads\/2021\/07\/04-150x200.jpg 150w, https:\/\/www.elektrotechnikdesch.de\/wp-content\/uploads\/2021\/07\/04-200x267.jpg 200w, https:\/\/www.elektrotechnikdesch.de\/wp-content\/uploads\/2021\/07\/04-300x401.jpg 300w, https:\/\/www.elektrotechnikdesch.de\/wp-content\/uploads\/2021\/07\/04-450x601.jpg 450w, https:\/\/www.elektrotechnikdesch.de\/wp-content\/uploads\/2021\/07\/04-600x802.jpg 600w, https:\/\/www.elektrotechnikdesch.de\/wp-content\/uploads\/2021\/07\/04-900x1203.jpg 900w, https:\/\/www.elektrotechnikdesch.de\/wp-content\/uploads\/2021\/07\/04-scaled.jpg 1916w\" sizes=\"auto, (max-width: 766px) 100vw, 766px\" \/><\/figure>\n\n\n\n<figure class=\"wp-block-gallery columns-2 is-cropped wp-block-gallery-1 is-layout-flex wp-block-gallery-is-layout-flex\"><ul class=\"blocks-gallery-grid\"><li class=\"blocks-gallery-item\"><figure><a href=\"https:\/\/www.elektrotechnikdesch.de\/wp-content\/uploads\/2021\/07\/01-scaled.jpg\"><img loading=\"lazy\" decoding=\"async\" width=\"2560\" height=\"1916\" src=\"https:\/\/www.elektrotechnikdesch.de\/wp-content\/uploads\/2021\/07\/01-scaled.jpg\" alt=\"\" data-id=\"113\" data-full-url=\"https:\/\/www.elektrotechnikdesch.de\/wp-content\/uploads\/2021\/07\/01-scaled.jpg\" data-link=\"https:\/\/www.elektrotechnikdesch.de\/?attachment_id=113\" class=\"wp-image-113\" srcset=\"https:\/\/www.elektrotechnikdesch.de\/wp-content\/uploads\/2021\/07\/01-scaled.jpg 2560w, https:\/\/www.elektrotechnikdesch.de\/wp-content\/uploads\/2021\/07\/01-300x224.jpg 300w, https:\/\/www.elektrotechnikdesch.de\/wp-content\/uploads\/2021\/07\/01-1024x766.jpg 1024w, https:\/\/www.elektrotechnikdesch.de\/wp-content\/uploads\/2021\/07\/01-768x575.jpg 768w, https:\/\/www.elektrotechnikdesch.de\/wp-content\/uploads\/2021\/07\/01-1536x1149.jpg 1536w, https:\/\/www.elektrotechnikdesch.de\/wp-content\/uploads\/2021\/07\/01-2048x1532.jpg 2048w, https:\/\/www.elektrotechnikdesch.de\/wp-content\/uploads\/2021\/07\/01-100x75.jpg 100w, https:\/\/www.elektrotechnikdesch.de\/wp-content\/uploads\/2021\/07\/01-150x112.jpg 150w, https:\/\/www.elektrotechnikdesch.de\/wp-content\/uploads\/2021\/07\/01-200x150.jpg 200w, https:\/\/www.elektrotechnikdesch.de\/wp-content\/uploads\/2021\/07\/01-450x337.jpg 450w, https:\/\/www.elektrotechnikdesch.de\/wp-content\/uploads\/2021\/07\/01-600x449.jpg 600w, https:\/\/www.elektrotechnikdesch.de\/wp-content\/uploads\/2021\/07\/01-900x673.jpg 900w\" sizes=\"auto, (max-width: 2560px) 100vw, 2560px\" \/><\/a><\/figure><\/li><li class=\"blocks-gallery-item\"><figure><a href=\"https:\/\/www.elektrotechnikdesch.de\/wp-content\/uploads\/2021\/07\/03-scaled.jpg\"><img loading=\"lazy\" decoding=\"async\" width=\"2560\" height=\"1916\" src=\"https:\/\/www.elektrotechnikdesch.de\/wp-content\/uploads\/2021\/07\/03-scaled.jpg\" alt=\"\" data-id=\"115\" data-full-url=\"https:\/\/www.elektrotechnikdesch.de\/wp-content\/uploads\/2021\/07\/03-scaled.jpg\" data-link=\"https:\/\/www.elektrotechnikdesch.de\/?attachment_id=115\" class=\"wp-image-115\" srcset=\"https:\/\/www.elektrotechnikdesch.de\/wp-content\/uploads\/2021\/07\/03-scaled.jpg 2560w, https:\/\/www.elektrotechnikdesch.de\/wp-content\/uploads\/2021\/07\/03-300x224.jpg 300w, https:\/\/www.elektrotechnikdesch.de\/wp-content\/uploads\/2021\/07\/03-1024x766.jpg 1024w, https:\/\/www.elektrotechnikdesch.de\/wp-content\/uploads\/2021\/07\/03-768x575.jpg 768w, https:\/\/www.elektrotechnikdesch.de\/wp-content\/uploads\/2021\/07\/03-1536x1149.jpg 1536w, https:\/\/www.elektrotechnikdesch.de\/wp-content\/uploads\/2021\/07\/03-2048x1532.jpg 2048w, https:\/\/www.elektrotechnikdesch.de\/wp-content\/uploads\/2021\/07\/03-100x75.jpg 100w, https:\/\/www.elektrotechnikdesch.de\/wp-content\/uploads\/2021\/07\/03-150x112.jpg 150w, https:\/\/www.elektrotechnikdesch.de\/wp-content\/uploads\/2021\/07\/03-200x150.jpg 200w, https:\/\/www.elektrotechnikdesch.de\/wp-content\/uploads\/2021\/07\/03-450x337.jpg 450w, https:\/\/www.elektrotechnikdesch.de\/wp-content\/uploads\/2021\/07\/03-600x449.jpg 600w, https:\/\/www.elektrotechnikdesch.de\/wp-content\/uploads\/2021\/07\/03-900x673.jpg 900w\" sizes=\"auto, (max-width: 2560px) 100vw, 2560px\" \/><\/a><\/figure><\/li><li class=\"blocks-gallery-item\"><figure><a href=\"https:\/\/www.elektrotechnikdesch.de\/wp-content\/uploads\/2021\/07\/04-1-scaled.jpg\"><img loading=\"lazy\" decoding=\"async\" width=\"1916\" height=\"2560\" src=\"https:\/\/www.elektrotechnikdesch.de\/wp-content\/uploads\/2021\/07\/04-1-scaled.jpg\" alt=\"\" data-id=\"116\" data-full-url=\"https:\/\/www.elektrotechnikdesch.de\/wp-content\/uploads\/2021\/07\/04-1-scaled.jpg\" data-link=\"https:\/\/www.elektrotechnikdesch.de\/?attachment_id=116\" class=\"wp-image-116\" srcset=\"https:\/\/www.elektrotechnikdesch.de\/wp-content\/uploads\/2021\/07\/04-1-scaled.jpg 1916w, https:\/\/www.elektrotechnikdesch.de\/wp-content\/uploads\/2021\/07\/04-1-224x300.jpg 224w, https:\/\/www.elektrotechnikdesch.de\/wp-content\/uploads\/2021\/07\/04-1-766x1024.jpg 766w, https:\/\/www.elektrotechnikdesch.de\/wp-content\/uploads\/2021\/07\/04-1-768x1026.jpg 768w, https:\/\/www.elektrotechnikdesch.de\/wp-content\/uploads\/2021\/07\/04-1-1149x1536.jpg 1149w, https:\/\/www.elektrotechnikdesch.de\/wp-content\/uploads\/2021\/07\/04-1-1532x2048.jpg 1532w, https:\/\/www.elektrotechnikdesch.de\/wp-content\/uploads\/2021\/07\/04-1-100x134.jpg 100w, https:\/\/www.elektrotechnikdesch.de\/wp-content\/uploads\/2021\/07\/04-1-150x200.jpg 150w, https:\/\/www.elektrotechnikdesch.de\/wp-content\/uploads\/2021\/07\/04-1-200x267.jpg 200w, https:\/\/www.elektrotechnikdesch.de\/wp-content\/uploads\/2021\/07\/04-1-300x401.jpg 300w, https:\/\/www.elektrotechnikdesch.de\/wp-content\/uploads\/2021\/07\/04-1-450x601.jpg 450w, https:\/\/www.elektrotechnikdesch.de\/wp-content\/uploads\/2021\/07\/04-1-600x802.jpg 600w, https:\/\/www.elektrotechnikdesch.de\/wp-content\/uploads\/2021\/07\/04-1-900x1203.jpg 900w\" sizes=\"auto, (max-width: 1916px) 100vw, 1916px\" \/><\/a><\/figure><\/li><li class=\"blocks-gallery-item\"><figure><a href=\"https:\/\/www.elektrotechnikdesch.de\/wp-content\/uploads\/2021\/07\/05-scaled.jpg\"><img loading=\"lazy\" decoding=\"async\" width=\"1916\" height=\"2560\" src=\"https:\/\/www.elektrotechnikdesch.de\/wp-content\/uploads\/2021\/07\/05-scaled.jpg\" alt=\"\" data-id=\"117\" data-full-url=\"https:\/\/www.elektrotechnikdesch.de\/wp-content\/uploads\/2021\/07\/05-scaled.jpg\" data-link=\"https:\/\/www.elektrotechnikdesch.de\/?attachment_id=117\" class=\"wp-image-117\" srcset=\"https:\/\/www.elektrotechnikdesch.de\/wp-content\/uploads\/2021\/07\/05-scaled.jpg 1916w, https:\/\/www.elektrotechnikdesch.de\/wp-content\/uploads\/2021\/07\/05-224x300.jpg 224w, https:\/\/www.elektrotechnikdesch.de\/wp-content\/uploads\/2021\/07\/05-766x1024.jpg 766w, https:\/\/www.elektrotechnikdesch.de\/wp-content\/uploads\/2021\/07\/05-768x1026.jpg 768w, https:\/\/www.elektrotechnikdesch.de\/wp-content\/uploads\/2021\/07\/05-1149x1536.jpg 1149w, https:\/\/www.elektrotechnikdesch.de\/wp-content\/uploads\/2021\/07\/05-1532x2048.jpg 1532w, https:\/\/www.elektrotechnikdesch.de\/wp-content\/uploads\/2021\/07\/05-100x134.jpg 100w, https:\/\/www.elektrotechnikdesch.de\/wp-content\/uploads\/2021\/07\/05-150x200.jpg 150w, https:\/\/www.elektrotechnikdesch.de\/wp-content\/uploads\/2021\/07\/05-200x267.jpg 200w, https:\/\/www.elektrotechnikdesch.de\/wp-content\/uploads\/2021\/07\/05-300x401.jpg 300w, https:\/\/www.elektrotechnikdesch.de\/wp-content\/uploads\/2021\/07\/05-450x601.jpg 450w, https:\/\/www.elektrotechnikdesch.de\/wp-content\/uploads\/2021\/07\/05-600x802.jpg 600w, https:\/\/www.elektrotechnikdesch.de\/wp-content\/uploads\/2021\/07\/05-900x1203.jpg 900w\" sizes=\"auto, (max-width: 1916px) 100vw, 1916px\" \/><\/a><\/figure><\/li><li class=\"blocks-gallery-item\"><figure><a href=\"https:\/\/www.elektrotechnikdesch.de\/wp-content\/uploads\/2021\/07\/10-scaled.jpg\"><img loading=\"lazy\" decoding=\"async\" width=\"2560\" height=\"1916\" src=\"https:\/\/www.elektrotechnikdesch.de\/wp-content\/uploads\/2021\/07\/10-scaled.jpg\" alt=\"\" data-id=\"121\" data-full-url=\"https:\/\/www.elektrotechnikdesch.de\/wp-content\/uploads\/2021\/07\/10-scaled.jpg\" data-link=\"https:\/\/www.elektrotechnikdesch.de\/?attachment_id=121\" class=\"wp-image-121\" srcset=\"https:\/\/www.elektrotechnikdesch.de\/wp-content\/uploads\/2021\/07\/10-scaled.jpg 2560w, https:\/\/www.elektrotechnikdesch.de\/wp-content\/uploads\/2021\/07\/10-300x224.jpg 300w, https:\/\/www.elektrotechnikdesch.de\/wp-content\/uploads\/2021\/07\/10-1024x766.jpg 1024w, https:\/\/www.elektrotechnikdesch.de\/wp-content\/uploads\/2021\/07\/10-768x575.jpg 768w, https:\/\/www.elektrotechnikdesch.de\/wp-content\/uploads\/2021\/07\/10-1536x1149.jpg 1536w, https:\/\/www.elektrotechnikdesch.de\/wp-content\/uploads\/2021\/07\/10-2048x1532.jpg 2048w, https:\/\/www.elektrotechnikdesch.de\/wp-content\/uploads\/2021\/07\/10-100x75.jpg 100w, https:\/\/www.elektrotechnikdesch.de\/wp-content\/uploads\/2021\/07\/10-150x112.jpg 150w, https:\/\/www.elektrotechnikdesch.de\/wp-content\/uploads\/2021\/07\/10-200x150.jpg 200w, https:\/\/www.elektrotechnikdesch.de\/wp-content\/uploads\/2021\/07\/10-450x337.jpg 450w, https:\/\/www.elektrotechnikdesch.de\/wp-content\/uploads\/2021\/07\/10-600x449.jpg 600w, https:\/\/www.elektrotechnikdesch.de\/wp-content\/uploads\/2021\/07\/10-900x673.jpg 900w\" sizes=\"auto, (max-width: 2560px) 100vw, 2560px\" \/><\/a><\/figure><\/li><li class=\"blocks-gallery-item\"><figure><a href=\"https:\/\/www.elektrotechnikdesch.de\/wp-content\/uploads\/2021\/07\/09-scaled.jpg\"><img loading=\"lazy\" decoding=\"async\" width=\"2560\" height=\"1916\" src=\"https:\/\/www.elektrotechnikdesch.de\/wp-content\/uploads\/2021\/07\/09-scaled.jpg\" alt=\"\" data-id=\"120\" data-full-url=\"https:\/\/www.elektrotechnikdesch.de\/wp-content\/uploads\/2021\/07\/09-scaled.jpg\" data-link=\"https:\/\/www.elektrotechnikdesch.de\/?attachment_id=120\" class=\"wp-image-120\" srcset=\"https:\/\/www.elektrotechnikdesch.de\/wp-content\/uploads\/2021\/07\/09-scaled.jpg 2560w, https:\/\/www.elektrotechnikdesch.de\/wp-content\/uploads\/2021\/07\/09-300x224.jpg 300w, https:\/\/www.elektrotechnikdesch.de\/wp-content\/uploads\/2021\/07\/09-1024x766.jpg 1024w, https:\/\/www.elektrotechnikdesch.de\/wp-content\/uploads\/2021\/07\/09-768x575.jpg 768w, https:\/\/www.elektrotechnikdesch.de\/wp-content\/uploads\/2021\/07\/09-1536x1149.jpg 1536w, https:\/\/www.elektrotechnikdesch.de\/wp-content\/uploads\/2021\/07\/09-2048x1532.jpg 2048w, https:\/\/www.elektrotechnikdesch.de\/wp-content\/uploads\/2021\/07\/09-100x75.jpg 100w, https:\/\/www.elektrotechnikdesch.de\/wp-content\/uploads\/2021\/07\/09-150x112.jpg 150w, https:\/\/www.elektrotechnikdesch.de\/wp-content\/uploads\/2021\/07\/09-200x150.jpg 200w, https:\/\/www.elektrotechnikdesch.de\/wp-content\/uploads\/2021\/07\/09-450x337.jpg 450w, https:\/\/www.elektrotechnikdesch.de\/wp-content\/uploads\/2021\/07\/09-600x449.jpg 600w, https:\/\/www.elektrotechnikdesch.de\/wp-content\/uploads\/2021\/07\/09-900x673.jpg 900w\" sizes=\"auto, (max-width: 2560px) 100vw, 2560px\" \/><\/a><\/figure><\/li><li class=\"blocks-gallery-item\"><figure><a href=\"https:\/\/www.elektrotechnikdesch.de\/wp-content\/uploads\/2021\/07\/06-scaled.jpg\"><img loading=\"lazy\" decoding=\"async\" width=\"1916\" height=\"2560\" src=\"https:\/\/www.elektrotechnikdesch.de\/wp-content\/uploads\/2021\/07\/06-scaled.jpg\" alt=\"\" data-id=\"118\" data-full-url=\"https:\/\/www.elektrotechnikdesch.de\/wp-content\/uploads\/2021\/07\/06-scaled.jpg\" data-link=\"https:\/\/www.elektrotechnikdesch.de\/?attachment_id=118\" class=\"wp-image-118\" srcset=\"https:\/\/www.elektrotechnikdesch.de\/wp-content\/uploads\/2021\/07\/06-scaled.jpg 1916w, https:\/\/www.elektrotechnikdesch.de\/wp-content\/uploads\/2021\/07\/06-224x300.jpg 224w, https:\/\/www.elektrotechnikdesch.de\/wp-content\/uploads\/2021\/07\/06-766x1024.jpg 766w, https:\/\/www.elektrotechnikdesch.de\/wp-content\/uploads\/2021\/07\/06-768x1026.jpg 768w, https:\/\/www.elektrotechnikdesch.de\/wp-content\/uploads\/2021\/07\/06-1149x1536.jpg 1149w, https:\/\/www.elektrotechnikdesch.de\/wp-content\/uploads\/2021\/07\/06-1532x2048.jpg 1532w, https:\/\/www.elektrotechnikdesch.de\/wp-content\/uploads\/2021\/07\/06-100x134.jpg 100w, https:\/\/www.elektrotechnikdesch.de\/wp-content\/uploads\/2021\/07\/06-150x200.jpg 150w, https:\/\/www.elektrotechnikdesch.de\/wp-content\/uploads\/2021\/07\/06-200x267.jpg 200w, https:\/\/www.elektrotechnikdesch.de\/wp-content\/uploads\/2021\/07\/06-300x401.jpg 300w, https:\/\/www.elektrotechnikdesch.de\/wp-content\/uploads\/2021\/07\/06-450x601.jpg 450w, https:\/\/www.elektrotechnikdesch.de\/wp-content\/uploads\/2021\/07\/06-600x802.jpg 600w, https:\/\/www.elektrotechnikdesch.de\/wp-content\/uploads\/2021\/07\/06-900x1203.jpg 900w\" sizes=\"auto, (max-width: 1916px) 100vw, 1916px\" \/><\/a><\/figure><\/li><li class=\"blocks-gallery-item\"><figure><a href=\"https:\/\/www.elektrotechnikdesch.de\/wp-content\/uploads\/2021\/07\/11-scaled.jpg\"><img loading=\"lazy\" decoding=\"async\" width=\"1916\" height=\"2560\" src=\"https:\/\/www.elektrotechnikdesch.de\/wp-content\/uploads\/2021\/07\/11-scaled.jpg\" alt=\"\" data-id=\"122\" data-full-url=\"https:\/\/www.elektrotechnikdesch.de\/wp-content\/uploads\/2021\/07\/11-scaled.jpg\" data-link=\"https:\/\/www.elektrotechnikdesch.de\/?attachment_id=122\" class=\"wp-image-122\" srcset=\"https:\/\/www.elektrotechnikdesch.de\/wp-content\/uploads\/2021\/07\/11-scaled.jpg 1916w, https:\/\/www.elektrotechnikdesch.de\/wp-content\/uploads\/2021\/07\/11-224x300.jpg 224w, https:\/\/www.elektrotechnikdesch.de\/wp-content\/uploads\/2021\/07\/11-766x1024.jpg 766w, https:\/\/www.elektrotechnikdesch.de\/wp-content\/uploads\/2021\/07\/11-768x1026.jpg 768w, https:\/\/www.elektrotechnikdesch.de\/wp-content\/uploads\/2021\/07\/11-1149x1536.jpg 1149w, https:\/\/www.elektrotechnikdesch.de\/wp-content\/uploads\/2021\/07\/11-1532x2048.jpg 1532w, https:\/\/www.elektrotechnikdesch.de\/wp-content\/uploads\/2021\/07\/11-100x134.jpg 100w, https:\/\/www.elektrotechnikdesch.de\/wp-content\/uploads\/2021\/07\/11-150x200.jpg 150w, https:\/\/www.elektrotechnikdesch.de\/wp-content\/uploads\/2021\/07\/11-200x267.jpg 200w, https:\/\/www.elektrotechnikdesch.de\/wp-content\/uploads\/2021\/07\/11-300x401.jpg 300w, https:\/\/www.elektrotechnikdesch.de\/wp-content\/uploads\/2021\/07\/11-450x601.jpg 450w, https:\/\/www.elektrotechnikdesch.de\/wp-content\/uploads\/2021\/07\/11-600x802.jpg 600w, https:\/\/www.elektrotechnikdesch.de\/wp-content\/uploads\/2021\/07\/11-900x1203.jpg 900w\" sizes=\"auto, (max-width: 1916px) 100vw, 1916px\" \/><\/a><\/figure><\/li><li class=\"blocks-gallery-item\"><figure><a href=\"https:\/\/www.elektrotechnikdesch.de\/wp-content\/uploads\/2021\/07\/08-scaled.jpg\"><img loading=\"lazy\" decoding=\"async\" width=\"2560\" height=\"1916\" src=\"https:\/\/www.elektrotechnikdesch.de\/wp-content\/uploads\/2021\/07\/08-scaled.jpg\" alt=\"\" data-id=\"119\" data-full-url=\"https:\/\/www.elektrotechnikdesch.de\/wp-content\/uploads\/2021\/07\/08-scaled.jpg\" data-link=\"https:\/\/www.elektrotechnikdesch.de\/?attachment_id=119\" class=\"wp-image-119\" srcset=\"https:\/\/www.elektrotechnikdesch.de\/wp-content\/uploads\/2021\/07\/08-scaled.jpg 2560w, https:\/\/www.elektrotechnikdesch.de\/wp-content\/uploads\/2021\/07\/08-300x224.jpg 300w, https:\/\/www.elektrotechnikdesch.de\/wp-content\/uploads\/2021\/07\/08-1024x766.jpg 1024w, https:\/\/www.elektrotechnikdesch.de\/wp-content\/uploads\/2021\/07\/08-768x575.jpg 768w, https:\/\/www.elektrotechnikdesch.de\/wp-content\/uploads\/2021\/07\/08-1536x1149.jpg 1536w, https:\/\/www.elektrotechnikdesch.de\/wp-content\/uploads\/2021\/07\/08-2048x1532.jpg 2048w, https:\/\/www.elektrotechnikdesch.de\/wp-content\/uploads\/2021\/07\/08-100x75.jpg 100w, https:\/\/www.elektrotechnikdesch.de\/wp-content\/uploads\/2021\/07\/08-150x112.jpg 150w, https:\/\/www.elektrotechnikdesch.de\/wp-content\/uploads\/2021\/07\/08-200x150.jpg 200w, https:\/\/www.elektrotechnikdesch.de\/wp-content\/uploads\/2021\/07\/08-450x337.jpg 450w, https:\/\/www.elektrotechnikdesch.de\/wp-content\/uploads\/2021\/07\/08-600x449.jpg 600w, https:\/\/www.elektrotechnikdesch.de\/wp-content\/uploads\/2021\/07\/08-900x673.jpg 900w\" sizes=\"auto, (max-width: 2560px) 100vw, 2560px\" \/><\/a><\/figure><\/li><li class=\"blocks-gallery-item\"><figure><a href=\"https:\/\/www.elektrotechnikdesch.de\/wp-content\/uploads\/2021\/07\/12-scaled.jpg\"><img loading=\"lazy\" decoding=\"async\" width=\"2560\" height=\"1916\" src=\"https:\/\/www.elektrotechnikdesch.de\/wp-content\/uploads\/2021\/07\/12-scaled.jpg\" alt=\"\" data-id=\"123\" data-full-url=\"https:\/\/www.elektrotechnikdesch.de\/wp-content\/uploads\/2021\/07\/12-scaled.jpg\" data-link=\"https:\/\/www.elektrotechnikdesch.de\/?attachment_id=123\" class=\"wp-image-123\" srcset=\"https:\/\/www.elektrotechnikdesch.de\/wp-content\/uploads\/2021\/07\/12-scaled.jpg 2560w, https:\/\/www.elektrotechnikdesch.de\/wp-content\/uploads\/2021\/07\/12-300x224.jpg 300w, https:\/\/www.elektrotechnikdesch.de\/wp-content\/uploads\/2021\/07\/12-1024x766.jpg 1024w, https:\/\/www.elektrotechnikdesch.de\/wp-content\/uploads\/2021\/07\/12-768x575.jpg 768w, https:\/\/www.elektrotechnikdesch.de\/wp-content\/uploads\/2021\/07\/12-1536x1149.jpg 1536w, https:\/\/www.elektrotechnikdesch.de\/wp-content\/uploads\/2021\/07\/12-2048x1532.jpg 2048w, https:\/\/www.elektrotechnikdesch.de\/wp-content\/uploads\/2021\/07\/12-100x75.jpg 100w, https:\/\/www.elektrotechnikdesch.de\/wp-content\/uploads\/2021\/07\/12-150x112.jpg 150w, https:\/\/www.elektrotechnikdesch.de\/wp-content\/uploads\/2021\/07\/12-200x150.jpg 200w, https:\/\/www.elektrotechnikdesch.de\/wp-content\/uploads\/2021\/07\/12-450x337.jpg 450w, https:\/\/www.elektrotechnikdesch.de\/wp-content\/uploads\/2021\/07\/12-600x449.jpg 600w, https:\/\/www.elektrotechnikdesch.de\/wp-content\/uploads\/2021\/07\/12-900x673.jpg 900w\" sizes=\"auto, (max-width: 2560px) 100vw, 2560px\" \/><\/a><\/figure><\/li><li class=\"blocks-gallery-item\"><figure><a href=\"https:\/\/www.elektrotechnikdesch.de\/wp-content\/uploads\/2021\/07\/02-scaled.jpg\"><img loading=\"lazy\" decoding=\"async\" width=\"1916\" height=\"2560\" src=\"https:\/\/www.elektrotechnikdesch.de\/wp-content\/uploads\/2021\/07\/02-scaled.jpg\" alt=\"\" data-id=\"114\" data-full-url=\"https:\/\/www.elektrotechnikdesch.de\/wp-content\/uploads\/2021\/07\/02-scaled.jpg\" data-link=\"https:\/\/www.elektrotechnikdesch.de\/?attachment_id=114\" class=\"wp-image-114\" srcset=\"https:\/\/www.elektrotechnikdesch.de\/wp-content\/uploads\/2021\/07\/02-scaled.jpg 1916w, https:\/\/www.elektrotechnikdesch.de\/wp-content\/uploads\/2021\/07\/02-224x300.jpg 224w, https:\/\/www.elektrotechnikdesch.de\/wp-content\/uploads\/2021\/07\/02-766x1024.jpg 766w, https:\/\/www.elektrotechnikdesch.de\/wp-content\/uploads\/2021\/07\/02-768x1026.jpg 768w, https:\/\/www.elektrotechnikdesch.de\/wp-content\/uploads\/2021\/07\/02-1149x1536.jpg 1149w, https:\/\/www.elektrotechnikdesch.de\/wp-content\/uploads\/2021\/07\/02-1532x2048.jpg 1532w, https:\/\/www.elektrotechnikdesch.de\/wp-content\/uploads\/2021\/07\/02-100x134.jpg 100w, https:\/\/www.elektrotechnikdesch.de\/wp-content\/uploads\/2021\/07\/02-150x200.jpg 150w, https:\/\/www.elektrotechnikdesch.de\/wp-content\/uploads\/2021\/07\/02-200x267.jpg 200w, https:\/\/www.elektrotechnikdesch.de\/wp-content\/uploads\/2021\/07\/02-300x401.jpg 300w, https:\/\/www.elektrotechnikdesch.de\/wp-content\/uploads\/2021\/07\/02-450x601.jpg 450w, https:\/\/www.elektrotechnikdesch.de\/wp-content\/uploads\/2021\/07\/02-600x802.jpg 600w, https:\/\/www.elektrotechnikdesch.de\/wp-content\/uploads\/2021\/07\/02-900x1203.jpg 900w\" sizes=\"auto, (max-width: 1916px) 100vw, 1916px\" \/><\/a><\/figure><\/li><\/ul><\/figure>\n","protected":false},"excerpt":{"rendered":"<p>Hier sehen Sie einen Neubau als Holzhaus in Blockbohlenbauweise, in dem wir die Elektroinstallation installiert haben.Hierbei werden die Kabel \u00fcber den Boden (im Estrich) und in vorgebohrte &#8222;Kan\u00e4le&#8220; in den Holzw\u00e4nden verlegt. An den Kan\u00e4len k\u00f6nnen Schalter und Steckdosen gebohrt &hellip;<\/p>\n<p class=\"read-more\"> <a class=\"more-link\" href=\"https:\/\/www.elektrotechnikdesch.de\/?page_id=111\"> <span class=\"screen-reader-text\">Holzhaus in Blockbohlenbauweise<\/span> Weiterlesen &raquo;<\/a><\/p>\n","protected":false},"author":1,"featured_media":0,"parent":0,"menu_order":0,"comment_status":"closed","ping_status":"closed","template":"","meta":{"footnotes":""},"class_list":["post-111","page","type-page","status-publish","hentry"],"_links":{"self":[{"href":"https:\/\/www.elektrotechnikdesch.de\/index.php?rest_route=\/wp\/v2\/pages\/111","targetHints":{"allow":["GET"]}}],"collection":[{"href":"https:\/\/www.elektrotechnikdesch.de\/index.php?rest_route=\/wp\/v2\/pages"}],"about":[{"href":"https:\/\/www.elektrotechnikdesch.de\/index.php?rest_route=\/wp\/v2\/types\/page"}],"author":[{"embeddable":true,"href":"https:\/\/www.elektrotechnikdesch.de\/index.php?rest_route=\/wp\/v2\/users\/1"}],"replies":[{"embeddable":true,"href":"https:\/\/www.elektrotechnikdesch.de\/index.php?rest_route=%2Fwp%2Fv2%2Fcomments&post=111"}],"version-history":[{"count":5,"href":"https:\/\/www.elektrotechnikdesch.de\/index.php?rest_route=\/wp\/v2\/pages\/111\/revisions"}],"predecessor-version":[{"id":134,"href":"https:\/\/www.elektrotechnikdesch.de\/index.php?rest_route=\/wp\/v2\/pages\/111\/revisions\/134"}],"wp:attachment":[{"href":"https:\/\/www.elektrotechnikdesch.de\/index.php?rest_route=%2Fwp%2Fv2%2Fmedia&parent=111"}],"curies":[{"name":"wp","href":"https:\/\/api.w.org\/{rel}","templated":true}]}}