{"id":140,"date":"2021-09-10T22:32:51","date_gmt":"2021-09-10T20:32:51","guid":{"rendered":"https:\/\/www.elektrotechnikdesch.de\/?page_id=140"},"modified":"2025-09-11T11:31:24","modified_gmt":"2025-09-11T09:31:24","slug":"unsere-leistungen","status":"publish","type":"page","link":"https:\/\/www.elektrotechnikdesch.de\/?page_id=140","title":{"rendered":"Unsere Leistungen"},"content":{"rendered":"\n<p>Wir bieten folgende Leistungen an:<\/p>\n\n\n\n<ul class=\"wp-block-list\">\n<li>Elektroinstallationen (Alt- und Neubau)<br>Z\u00e4hlerschrank<br>Unterverteilung<br>Schalter und Steckdosen installieren<br>Lampen installieren<br>Herd anschlie\u00dfen<br>Wallbox installieren<br>Und vieles Mehr<\/li>\n\n\n\n<li>Kommunikationstechnik<br>Telefon<br>T\u00fcrsprechanlagen<\/li>\n\n\n\n<li>Netzwerktechnik<br>Netzwerkkabel (LAN-Kabel) verlegen, anschlie\u00dfen und pr\u00fcfen<br>Netzwerk Unterverteilung<\/li>\n\n\n\n<li>Antennen- &amp; Satellitenanlagen<br>Sat ZF (Konventionell mit Multischalter)<br>Unicable (Einkabel L\u00f6sung, z.B. bei vorhandener KabelTV installation oder auch im Neubau)<br>SAT&gt;IP (Sat integration ins Netzwerk &#8211; empfang \u00fcber Lan und WLan \u00fcber den vorhandenen Router)<\/li>\n\n\n\n<li>KNX &amp; Smart Home<\/li>\n\n\n\n<li><strong>**Jetzt Neu***<\/strong><br><strong>Klimaanlagen<\/strong><br>Mit Sachkundezertifkat A1 (Gro\u00dfer K\u00e4lteschein) und Betriebszertifizierung gem\u00e4\u00df \u00a76 der Chemikalien-Klimaschutzverordnung k\u00f6nnen wir Ihnen den Einbau von Klimaanlagen anbieten.<\/li>\n<\/ul>\n","protected":false},"excerpt":{"rendered":"<p>Wir bieten folgende Leistungen an:<\/p>\n","protected":false},"author":1,"featured_media":0,"parent":0,"menu_order":0,"comment_status":"closed","ping_status":"closed","template":"","meta":{"footnotes":""},"class_list":["post-140","page","type-page","status-publish","hentry"],"_links":{"self":[{"href":"https:\/\/www.elektrotechnikdesch.de\/index.php?rest_route=\/wp\/v2\/pages\/140","targetHints":{"allow":["GET"]}}],"collection":[{"href":"https:\/\/www.elektrotechnikdesch.de\/index.php?rest_route=\/wp\/v2\/pages"}],"about":[{"href":"https:\/\/www.elektrotechnikdesch.de\/index.php?rest_route=\/wp\/v2\/types\/page"}],"author":[{"embeddable":true,"href":"https:\/\/www.elektrotechnikdesch.de\/index.php?rest_route=\/wp\/v2\/users\/1"}],"replies":[{"embeddable":true,"href":"https:\/\/www.elektrotechnikdesch.de\/index.php?rest_route=%2Fwp%2Fv2%2Fcomments&post=140"}],"version-history":[{"count":3,"href":"https:\/\/www.elektrotechnikdesch.de\/index.php?rest_route=\/wp\/v2\/pages\/140\/revisions"}],"predecessor-version":[{"id":181,"href":"https:\/\/www.elektrotechnikdesch.de\/index.php?rest_route=\/wp\/v2\/pages\/140\/revisions\/181"}],"wp:attachment":[{"href":"https:\/\/www.elektrotechnikdesch.de\/index.php?rest_route=%2Fwp%2Fv2%2Fmedia&parent=140"}],"curies":[{"name":"wp","href":"https:\/\/api.w.org\/{rel}","templated":true}]}}