{"id":161,"date":"2025-02-21T15:43:10","date_gmt":"2025-02-21T14:43:10","guid":{"rendered":"https:\/\/www.elektrotechnikdesch.de\/?page_id=161"},"modified":"2025-02-21T15:43:10","modified_gmt":"2025-02-21T14:43:10","slug":"legrand-seano-schalterprogramm","status":"publish","type":"page","link":"https:\/\/www.elektrotechnikdesch.de\/?page_id=161","title":{"rendered":"Legrand Seano Schalterprogramm"},"content":{"rendered":"\n<p>Das Legrand Seano Schalterprogramm \u00fcberzeugt mit g\u00fcnstigen Preisen und bietet dabei aber Vorteile im Vergleich zu anderen Marken, wie z.B. erh\u00f6hter Ber\u00fchrungsschutz (Kinderschutz) bei allen Steckdosen.<\/p>\n\n\n\n<figure class=\"wp-block-image size-large\"><img loading=\"lazy\" decoding=\"async\" width=\"1024\" height=\"326\" src=\"https:\/\/www.elektrotechnikdesch.de\/wp-content\/uploads\/2025\/02\/bild1_seano_1440x458px_042024-1024x326.png\" alt=\"\" class=\"wp-image-162\" srcset=\"https:\/\/www.elektrotechnikdesch.de\/wp-content\/uploads\/2025\/02\/bild1_seano_1440x458px_042024-1024x326.png 1024w, https:\/\/www.elektrotechnikdesch.de\/wp-content\/uploads\/2025\/02\/bild1_seano_1440x458px_042024-300x95.png 300w, https:\/\/www.elektrotechnikdesch.de\/wp-content\/uploads\/2025\/02\/bild1_seano_1440x458px_042024-768x244.png 768w, https:\/\/www.elektrotechnikdesch.de\/wp-content\/uploads\/2025\/02\/bild1_seano_1440x458px_042024-100x32.png 100w, https:\/\/www.elektrotechnikdesch.de\/wp-content\/uploads\/2025\/02\/bild1_seano_1440x458px_042024-150x48.png 150w, https:\/\/www.elektrotechnikdesch.de\/wp-content\/uploads\/2025\/02\/bild1_seano_1440x458px_042024-200x64.png 200w, https:\/\/www.elektrotechnikdesch.de\/wp-content\/uploads\/2025\/02\/bild1_seano_1440x458px_042024-450x143.png 450w, https:\/\/www.elektrotechnikdesch.de\/wp-content\/uploads\/2025\/02\/bild1_seano_1440x458px_042024-600x191.png 600w, https:\/\/www.elektrotechnikdesch.de\/wp-content\/uploads\/2025\/02\/bild1_seano_1440x458px_042024-900x286.png 900w, https:\/\/www.elektrotechnikdesch.de\/wp-content\/uploads\/2025\/02\/bild1_seano_1440x458px_042024.png 1440w\" sizes=\"auto, (max-width: 1024px) 100vw, 1024px\" \/><\/figure>\n\n\n\n<figure class=\"wp-block-embed is-type-video is-provider-youtube wp-block-embed-youtube wp-embed-aspect-16-9 wp-has-aspect-ratio\"><div class=\"wp-block-embed__wrapper\">\n<iframe loading=\"lazy\" title=\"SEANO\u2122 - Das neue Schalterprogramm von Legrand und seine Vorteile hinsichtlich der Installation\" width=\"605\" height=\"340\" src=\"https:\/\/www.youtube.com\/embed\/T7nup2NBh_g?start=1&#038;feature=oembed\" frameborder=\"0\" allow=\"accelerometer; autoplay; clipboard-write; encrypted-media; gyroscope; picture-in-picture; web-share\" referrerpolicy=\"strict-origin-when-cross-origin\" allowfullscreen><\/iframe>\n<\/div><\/figure>\n","protected":false},"excerpt":{"rendered":"<p>Das Legrand Seano Schalterprogramm \u00fcberzeugt mit g\u00fcnstigen Preisen und bietet dabei aber Vorteile im Vergleich zu anderen Marken, wie z.B. erh\u00f6hter Ber\u00fchrungsschutz (Kinderschutz) bei allen Steckdosen.<\/p>\n","protected":false},"author":1,"featured_media":0,"parent":0,"menu_order":0,"comment_status":"closed","ping_status":"closed","template":"","meta":{"footnotes":""},"class_list":["post-161","page","type-page","status-publish","hentry"],"_links":{"self":[{"href":"https:\/\/www.elektrotechnikdesch.de\/index.php?rest_route=\/wp\/v2\/pages\/161","targetHints":{"allow":["GET"]}}],"collection":[{"href":"https:\/\/www.elektrotechnikdesch.de\/index.php?rest_route=\/wp\/v2\/pages"}],"about":[{"href":"https:\/\/www.elektrotechnikdesch.de\/index.php?rest_route=\/wp\/v2\/types\/page"}],"author":[{"embeddable":true,"href":"https:\/\/www.elektrotechnikdesch.de\/index.php?rest_route=\/wp\/v2\/users\/1"}],"replies":[{"embeddable":true,"href":"https:\/\/www.elektrotechnikdesch.de\/index.php?rest_route=%2Fwp%2Fv2%2Fcomments&post=161"}],"version-history":[{"count":1,"href":"https:\/\/www.elektrotechnikdesch.de\/index.php?rest_route=\/wp\/v2\/pages\/161\/revisions"}],"predecessor-version":[{"id":163,"href":"https:\/\/www.elektrotechnikdesch.de\/index.php?rest_route=\/wp\/v2\/pages\/161\/revisions\/163"}],"wp:attachment":[{"href":"https:\/\/www.elektrotechnikdesch.de\/index.php?rest_route=%2Fwp%2Fv2%2Fmedia&parent=161"}],"curies":[{"name":"wp","href":"https:\/\/api.w.org\/{rel}","templated":true}]}}